{"id":822,"date":"2025-09-15T13:43:33","date_gmt":"2025-09-15T13:43:33","guid":{"rendered":"https:\/\/envit.it\/ueber-uns\/"},"modified":"2025-11-04T10:59:59","modified_gmt":"2025-11-04T10:59:59","slug":"ueber-uns","status":"publish","type":"page","link":"https:\/\/envit.it\/de\/ueber-uns\/","title":{"rendered":"\u00dcber uns"},"content":{"rendered":"\t\t<div data-elementor-type=\"wp-page\" data-elementor-id=\"822\" class=\"elementor elementor-822 elementor-371\" data-elementor-post-type=\"page\">\n\t\t\t\t<div class=\"elementor-element elementor-element-0ef7992 e-flex e-con-boxed e-con e-parent\" data-id=\"0ef7992\" data-element_type=\"container\" data-e-type=\"container\" data-settings=\"{&quot;background_background&quot;:&quot;classic&quot;}\">\n\t\t\t\t\t<div class=\"e-con-inner\">\n\t\t\t\t<div class=\"elementor-element elementor-element-b91603c elementor-widget__width-initial elementor-widget elementor-widget-heading\" data-id=\"b91603c\" data-element_type=\"widget\" data-e-type=\"widget\" data-widget_type=\"heading.default\">\n\t\t\t\t\t<h2 class=\"elementor-heading-title elementor-size-default\">\u00dcber uns<\/h2>\t\t\t\t<\/div>\n\t\t\t\t\t<\/div>\n\t\t\t\t<\/div>\n\t\t<div class=\"elementor-element elementor-element-98c5567 e-flex e-con-boxed e-con e-parent\" data-id=\"98c5567\" data-element_type=\"container\" data-e-type=\"container\">\n\t\t\t\t\t<div class=\"e-con-inner\">\n\t\t<div class=\"elementor-element elementor-element-94b7523 e-con-full e-flex e-con e-child\" data-id=\"94b7523\" data-element_type=\"container\" data-e-type=\"container\">\n\t\t\t\t<div class=\"elementor-element elementor-element-1e01602 elementor-widget__width-initial elementor-widget elementor-widget-heading\" data-id=\"1e01602\" data-element_type=\"widget\" data-e-type=\"widget\" data-widget_type=\"heading.default\">\n\t\t\t\t\t<h2 class=\"elementor-heading-title elementor-size-default\">30 Jahre Erfahrung<\/h2>\t\t\t\t<\/div>\n\t\t\t\t<div class=\"elementor-element elementor-element-5e6fe1a elementor-widget__width-initial elementor-widget elementor-widget-heading\" data-id=\"5e6fe1a\" data-element_type=\"widget\" data-e-type=\"widget\" data-widget_type=\"heading.default\">\n\t\t\t\t\t<h2 class=\"elementor-heading-title elementor-size-default\">Ein Team zwischen Tradition und neuer Energie<\/h2>\t\t\t\t<\/div>\n\t\t\t\t<div class=\"elementor-element elementor-element-74cc426 elementor-widget__width-initial elementor-widget elementor-widget-text-editor\" data-id=\"74cc426\" data-element_type=\"widget\" data-e-type=\"widget\" data-widget_type=\"text-editor.default\">\n\t\t\t\t\t\t\t\t\tWir besch\u00e4ftigen uns seit \u00fcber drei\u00dfig Jahren mit Kunststoffformen und haben Hunderte von Projekten in den unterschiedlichsten Bereichen durchgef\u00fchrt. Unser Team besteht aus sehr erfahrenen Fachleuten und jungen Technikern, an die wir F\u00e4higkeiten und Leidenschaft f\u00fcr unsere Arbeit weitergeben. \t\t\t\t\t\t\t\t<\/div>\n\t\t\t\t<\/div>\n\t\t<div class=\"elementor-element elementor-element-6f67cc8 e-con-full e-flex e-con e-child\" data-id=\"6f67cc8\" data-element_type=\"container\" data-e-type=\"container\">\n\t\t\t\t<div class=\"elementor-element elementor-element-3b4c68f elementor-widget elementor-widget-image\" data-id=\"3b4c68f\" data-element_type=\"widget\" data-e-type=\"widget\" data-widget_type=\"image.default\">\n\t\t\t\t\t\t\t\t\t\t\t\t\t\t\t<img fetchpriority=\"high\" decoding=\"async\" width=\"800\" height=\"534\" src=\"https:\/\/envit.it\/wp-content\/uploads\/2025\/09\/envit-quantita-di-prodotto\u200b-1024x683.webp\" class=\"attachment-large size-large wp-image-805\" alt=\"\" srcset=\"https:\/\/envit.it\/wp-content\/uploads\/2025\/09\/envit-quantita-di-prodotto\u200b-1024x683.webp 1024w, https:\/\/envit.it\/wp-content\/uploads\/2025\/09\/envit-quantita-di-prodotto\u200b-300x200.webp 300w, https:\/\/envit.it\/wp-content\/uploads\/2025\/09\/envit-quantita-di-prodotto\u200b-768x512.webp 768w, https:\/\/envit.it\/wp-content\/uploads\/2025\/09\/envit-quantita-di-prodotto\u200b-1536x1024.webp 1536w, https:\/\/envit.it\/wp-content\/uploads\/2025\/09\/envit-quantita-di-prodotto\u200b.webp 1920w\" sizes=\"(max-width: 800px) 100vw, 800px\" \/>\t\t\t\t\t\t\t\t\t\t\t\t\t\t\t<\/div>\n\t\t\t\t<\/div>\n\t\t\t\t\t<\/div>\n\t\t\t\t<\/div>\n\t\t<div class=\"elementor-element elementor-element-9ab3870 e-flex e-con-boxed e-con e-parent\" data-id=\"9ab3870\" data-element_type=\"container\" data-e-type=\"container\">\n\t\t\t\t\t<div class=\"e-con-inner\">\n\t\t<div class=\"elementor-element elementor-element-9a83466 e-con-full e-flex e-con e-child\" data-id=\"9a83466\" data-element_type=\"container\" data-e-type=\"container\">\n\t\t\t\t<div class=\"elementor-element elementor-element-a0f6594 elementor-widget__width-initial elementor-widget elementor-widget-heading\" data-id=\"a0f6594\" data-element_type=\"widget\" data-e-type=\"widget\" data-widget_type=\"heading.default\">\n\t\t\t\t\t<h2 class=\"elementor-heading-title elementor-size-default\">Globale Kooperationen<\/h2>\t\t\t\t<\/div>\n\t\t\t\t<div class=\"elementor-element elementor-element-24152c3 elementor-widget__width-inherit elementor-widget elementor-widget-heading\" data-id=\"24152c3\" data-element_type=\"widget\" data-e-type=\"widget\" data-widget_type=\"heading.default\">\n\t\t\t\t\t<h2 class=\"elementor-heading-title elementor-size-default\">Qualit\u00e4t und Komfort f\u00fcr die Kunden<\/h2>\t\t\t\t<\/div>\n\t\t\t\t<div class=\"elementor-element elementor-element-70cae5e elementor-widget__width-initial elementor-widget elementor-widget-text-editor\" data-id=\"70cae5e\" data-element_type=\"widget\" data-e-type=\"widget\" data-widget_type=\"text-editor.default\">\n\t\t\t\t\t\t\t\t\tSeit dem Jahr 2000 arbeiten wir auch mit chinesischen Formenherstellern zusammen: eine Wahl, die es uns erm\u00f6glicht, unseren Kunden eine wettbewerbsf\u00e4hige Option anzubieten, mit Projekten mit dem richtigen Gleichgewicht zwischen Qualit\u00e4t und Kosteneffizienz. Die Sorgfalt, die wir jeder Bestellung widmen, und die Bequemlichkeit unseres Service erm\u00f6glichen es uns, dauerhafte Beziehungen aufzubauen, die durch das Vertrauen und die Wertsch\u00e4tzung derjenigen, die mit uns arbeiten, gest\u00e4rkt werden. \t\t\t\t\t\t\t\t<\/div>\n\t\t\t\t<\/div>\n\t\t<div class=\"elementor-element elementor-element-43ebea2 e-con-full e-flex e-con e-child\" data-id=\"43ebea2\" data-element_type=\"container\" data-e-type=\"container\">\n\t\t\t\t<div class=\"elementor-element elementor-element-c9f321f elementor-widget elementor-widget-image\" data-id=\"c9f321f\" data-element_type=\"widget\" data-e-type=\"widget\" data-widget_type=\"image.default\">\n\t\t\t\t\t\t\t\t\t\t\t\t\t\t\t<img decoding=\"async\" width=\"800\" height=\"534\" src=\"https:\/\/envit.it\/wp-content\/uploads\/2025\/09\/envit-qualita-e-convenienza-per-i-clienti.webp-1024x683.webp\" class=\"attachment-large size-large wp-image-820\" alt=\"\" srcset=\"https:\/\/envit.it\/wp-content\/uploads\/2025\/09\/envit-qualita-e-convenienza-per-i-clienti.webp-1024x683.webp 1024w, https:\/\/envit.it\/wp-content\/uploads\/2025\/09\/envit-qualita-e-convenienza-per-i-clienti.webp-300x200.webp 300w, https:\/\/envit.it\/wp-content\/uploads\/2025\/09\/envit-qualita-e-convenienza-per-i-clienti.webp-768x512.webp 768w, https:\/\/envit.it\/wp-content\/uploads\/2025\/09\/envit-qualita-e-convenienza-per-i-clienti.webp-1536x1024.webp 1536w, https:\/\/envit.it\/wp-content\/uploads\/2025\/09\/envit-qualita-e-convenienza-per-i-clienti.webp.webp 1920w\" sizes=\"(max-width: 800px) 100vw, 800px\" \/>\t\t\t\t\t\t\t\t\t\t\t\t\t\t\t<\/div>\n\t\t\t\t<\/div>\n\t\t\t\t\t<\/div>\n\t\t\t\t<\/div>\n\t\t<div class=\"elementor-element elementor-element-206a213 e-flex e-con-boxed e-con e-parent\" data-id=\"206a213\" data-element_type=\"container\" data-e-type=\"container\">\n\t\t\t\t\t<div class=\"e-con-inner\">\n\t\t<div class=\"elementor-element elementor-element-0a23dda e-con-full e-flex e-con e-child\" data-id=\"0a23dda\" data-element_type=\"container\" data-e-type=\"container\">\n\t\t\t\t<div class=\"elementor-element elementor-element-7174beb elementor-widget__width-initial elementor-widget elementor-widget-heading\" data-id=\"7174beb\" data-element_type=\"widget\" data-e-type=\"widget\" data-widget_type=\"heading.default\">\n\t\t\t\t\t<h2 class=\"elementor-heading-title elementor-size-default\">Jenseits von Plastik<\/h2>\t\t\t\t<\/div>\n\t\t\t\t<div class=\"elementor-element elementor-element-c287097 elementor-widget__width-initial elementor-widget elementor-widget-heading\" data-id=\"c287097\" data-element_type=\"widget\" data-e-type=\"widget\" data-widget_type=\"heading.default\">\n\t\t\t\t\t<h2 class=\"elementor-heading-title elementor-size-default\">Vielseitigkeit und L\u00f6sungen f\u00fcr jede Branche<\/h2>\t\t\t\t<\/div>\n\t\t\t\t<div class=\"elementor-element elementor-element-d88f0cd elementor-widget__width-initial elementor-widget elementor-widget-text-editor\" data-id=\"d88f0cd\" data-element_type=\"widget\" data-e-type=\"widget\" data-widget_type=\"text-editor.default\">\n\t\t\t\t\t\t\t\t\tIm Laufe der Zeit haben wir uns nicht auf die Welt der Kunststoffe beschr\u00e4nkt, sondern wir haben Produkte verschiedener Art, insbesondere in der Metallindustrie, verwaltet und die Inbetriebnahme neuer Produktionslinien verfolgt. Diese Vielseitigkeit ist unsere St\u00e4rke und erm\u00f6glicht es uns, jedes Projekt mit der Sicherheit eines soliden und flexiblen Partners anzugehen. \t\t\t\t\t\t\t\t<\/div>\n\t\t\t\t<\/div>\n\t\t<div class=\"elementor-element elementor-element-f3ac39d e-con-full e-flex e-con e-child\" data-id=\"f3ac39d\" data-element_type=\"container\" data-e-type=\"container\">\n\t\t\t\t<div class=\"elementor-element elementor-element-fb5b99f elementor-widget elementor-widget-image\" data-id=\"fb5b99f\" data-element_type=\"widget\" data-e-type=\"widget\" data-widget_type=\"image.default\">\n\t\t\t\t\t\t\t\t\t\t\t\t\t\t\t<img decoding=\"async\" width=\"800\" height=\"534\" src=\"https:\/\/envit.it\/wp-content\/uploads\/2025\/09\/envit-versatilita-e-soluzioni-per-ogni-settore-1-1024x683.webp\" class=\"attachment-large size-large wp-image-821\" alt=\"\" srcset=\"https:\/\/envit.it\/wp-content\/uploads\/2025\/09\/envit-versatilita-e-soluzioni-per-ogni-settore-1-1024x683.webp 1024w, https:\/\/envit.it\/wp-content\/uploads\/2025\/09\/envit-versatilita-e-soluzioni-per-ogni-settore-1-300x200.webp 300w, https:\/\/envit.it\/wp-content\/uploads\/2025\/09\/envit-versatilita-e-soluzioni-per-ogni-settore-1-768x512.webp 768w, https:\/\/envit.it\/wp-content\/uploads\/2025\/09\/envit-versatilita-e-soluzioni-per-ogni-settore-1-1536x1024.webp 1536w, https:\/\/envit.it\/wp-content\/uploads\/2025\/09\/envit-versatilita-e-soluzioni-per-ogni-settore-1.webp 1920w\" sizes=\"(max-width: 800px) 100vw, 800px\" \/>\t\t\t\t\t\t\t\t\t\t\t\t\t\t\t<\/div>\n\t\t\t\t<\/div>\n\t\t\t\t\t<\/div>\n\t\t\t\t<\/div>\n\t\t\t\t<\/div>\n\t\t","protected":false},"excerpt":{"rendered":"<p>30 Jahre Erfahrung Ein Team zwischen Tradition und neuer Energie Wir besch\u00e4ftigen uns seit \u00fcber drei\u00dfig Jahren mit Kunststoffformen und haben Hunderte von Projekten in den unterschiedlichsten Bereichen durchgef\u00fchrt. Unser Team besteht aus sehr erfahrenen Fachleuten und jungen Technikern, an die wir F\u00e4higkeiten und Leidenschaft f\u00fcr unsere Arbeit weitergeben. Globale Kooperationen Qualit\u00e4t und Komfort f\u00fcr [&hellip;]<\/p>\n","protected":false},"author":1,"featured_media":0,"parent":0,"menu_order":0,"comment_status":"closed","ping_status":"closed","template":"","meta":{"footnotes":""},"class_list":["post-822","page","type-page","status-publish","hentry"],"yoast_head":"<!-- This site is optimized with the Yoast SEO plugin v27.4 - https:\/\/yoast.com\/product\/yoast-seo-wordpress\/ -->\n<title>\u00dcber uns - Envit<\/title>\n<meta name=\"description\" content=\"Wir besch\u00e4ftigen uns seit \u00fcber drei\u00dfig Jahren mit Kunststoffformen und haben Hunderte von Projekten in den unterschiedlichsten Bereichen durchgef\u00fchrt\" \/>\n<meta name=\"robots\" content=\"index, follow, max-snippet:-1, max-image-preview:large, max-video-preview:-1\" \/>\n<link rel=\"canonical\" href=\"https:\/\/envit.it\/de\/ueber-uns\/\" \/>\n<meta property=\"og:locale\" content=\"de_DE\" \/>\n<meta property=\"og:type\" content=\"article\" \/>\n<meta property=\"og:title\" content=\"\u00dcber uns - Envit\" \/>\n<meta property=\"og:description\" content=\"Wir besch\u00e4ftigen uns seit \u00fcber drei\u00dfig Jahren mit Kunststoffformen und haben Hunderte von Projekten in den unterschiedlichsten Bereichen durchgef\u00fchrt\" \/>\n<meta property=\"og:url\" content=\"https:\/\/envit.it\/de\/ueber-uns\/\" \/>\n<meta property=\"og:site_name\" content=\"Envit\" \/>\n<meta property=\"article:modified_time\" content=\"2025-11-04T10:59:59+00:00\" \/>\n<meta property=\"og:image\" content=\"https:\/\/envit.it\/wp-content\/uploads\/2025\/09\/envit-qualita-e-convenienza-per-i-clienti.webp-1024x683.webp\" \/>\n<meta name=\"twitter:card\" content=\"summary_large_image\" \/>\n<meta name=\"twitter:label1\" content=\"Gesch\u00e4tzte Lesezeit\" \/>\n\t<meta name=\"twitter:data1\" content=\"1\u00a0Minute\" \/>\n<script type=\"application\/ld+json\" class=\"yoast-schema-graph\">{\"@context\":\"https:\\\/\\\/schema.org\",\"@graph\":[{\"@type\":\"WebPage\",\"@id\":\"https:\\\/\\\/envit.it\\\/de\\\/ueber-uns\\\/\",\"url\":\"https:\\\/\\\/envit.it\\\/de\\\/ueber-uns\\\/\",\"name\":\"\u00dcber uns - Envit\",\"isPartOf\":{\"@id\":\"https:\\\/\\\/envit.it\\\/de\\\/#website\"},\"primaryImageOfPage\":{\"@id\":\"https:\\\/\\\/envit.it\\\/de\\\/ueber-uns\\\/#primaryimage\"},\"image\":{\"@id\":\"https:\\\/\\\/envit.it\\\/de\\\/ueber-uns\\\/#primaryimage\"},\"thumbnailUrl\":\"https:\\\/\\\/envit.it\\\/wp-content\\\/uploads\\\/2025\\\/09\\\/envit-qualita-e-convenienza-per-i-clienti.webp-1024x683.webp\",\"datePublished\":\"2025-09-15T13:43:33+00:00\",\"dateModified\":\"2025-11-04T10:59:59+00:00\",\"description\":\"Wir besch\u00e4ftigen uns seit \u00fcber drei\u00dfig Jahren mit Kunststoffformen und haben Hunderte von Projekten in den unterschiedlichsten Bereichen durchgef\u00fchrt\",\"breadcrumb\":{\"@id\":\"https:\\\/\\\/envit.it\\\/de\\\/ueber-uns\\\/#breadcrumb\"},\"inLanguage\":\"de\",\"potentialAction\":[{\"@type\":\"ReadAction\",\"target\":[\"https:\\\/\\\/envit.it\\\/de\\\/ueber-uns\\\/\"]}]},{\"@type\":\"ImageObject\",\"inLanguage\":\"de\",\"@id\":\"https:\\\/\\\/envit.it\\\/de\\\/ueber-uns\\\/#primaryimage\",\"url\":\"https:\\\/\\\/envit.it\\\/wp-content\\\/uploads\\\/2025\\\/09\\\/envit-qualita-e-convenienza-per-i-clienti.webp-1024x683.webp\",\"contentUrl\":\"https:\\\/\\\/envit.it\\\/wp-content\\\/uploads\\\/2025\\\/09\\\/envit-qualita-e-convenienza-per-i-clienti.webp-1024x683.webp\"},{\"@type\":\"BreadcrumbList\",\"@id\":\"https:\\\/\\\/envit.it\\\/de\\\/ueber-uns\\\/#breadcrumb\",\"itemListElement\":[{\"@type\":\"ListItem\",\"position\":1,\"name\":\"Home\",\"item\":\"https:\\\/\\\/envit.it\\\/de\\\/home\\\/\"},{\"@type\":\"ListItem\",\"position\":2,\"name\":\"\u00dcber uns\"}]},{\"@type\":\"WebSite\",\"@id\":\"https:\\\/\\\/envit.it\\\/de\\\/#website\",\"url\":\"https:\\\/\\\/envit.it\\\/de\\\/\",\"name\":\"Envit Srl - Stampi e prodotti in plastica\",\"description\":\"Stampi e prodotti in plastica su misura\",\"publisher\":{\"@id\":\"https:\\\/\\\/envit.it\\\/de\\\/#organization\"},\"potentialAction\":[{\"@type\":\"SearchAction\",\"target\":{\"@type\":\"EntryPoint\",\"urlTemplate\":\"https:\\\/\\\/envit.it\\\/de\\\/?s={search_term_string}\"},\"query-input\":{\"@type\":\"PropertyValueSpecification\",\"valueRequired\":true,\"valueName\":\"search_term_string\"}}],\"inLanguage\":\"de\"},{\"@type\":\"Organization\",\"@id\":\"https:\\\/\\\/envit.it\\\/de\\\/#organization\",\"name\":\"Envit Srl\",\"url\":\"https:\\\/\\\/envit.it\\\/de\\\/\",\"logo\":{\"@type\":\"ImageObject\",\"inLanguage\":\"de\",\"@id\":\"https:\\\/\\\/envit.it\\\/de\\\/#\\\/schema\\\/logo\\\/image\\\/\",\"url\":\"https:\\\/\\\/envit.it\\\/wp-content\\\/uploads\\\/2025\\\/07\\\/envit-logo-ufficiale.webp\",\"contentUrl\":\"https:\\\/\\\/envit.it\\\/wp-content\\\/uploads\\\/2025\\\/07\\\/envit-logo-ufficiale.webp\",\"width\":1920,\"height\":537,\"caption\":\"Envit Srl\"},\"image\":{\"@id\":\"https:\\\/\\\/envit.it\\\/de\\\/#\\\/schema\\\/logo\\\/image\\\/\"}}]}<\/script>\n<!-- \/ Yoast SEO plugin. -->","yoast_head_json":{"title":"\u00dcber uns - Envit","description":"Wir besch\u00e4ftigen uns seit \u00fcber drei\u00dfig Jahren mit Kunststoffformen und haben Hunderte von Projekten in den unterschiedlichsten Bereichen durchgef\u00fchrt","robots":{"index":"index","follow":"follow","max-snippet":"max-snippet:-1","max-image-preview":"max-image-preview:large","max-video-preview":"max-video-preview:-1"},"canonical":"https:\/\/envit.it\/de\/ueber-uns\/","og_locale":"de_DE","og_type":"article","og_title":"\u00dcber uns - Envit","og_description":"Wir besch\u00e4ftigen uns seit \u00fcber drei\u00dfig Jahren mit Kunststoffformen und haben Hunderte von Projekten in den unterschiedlichsten Bereichen durchgef\u00fchrt","og_url":"https:\/\/envit.it\/de\/ueber-uns\/","og_site_name":"Envit","article_modified_time":"2025-11-04T10:59:59+00:00","og_image":[{"url":"https:\/\/envit.it\/wp-content\/uploads\/2025\/09\/envit-qualita-e-convenienza-per-i-clienti.webp-1024x683.webp","type":"","width":"","height":""}],"twitter_card":"summary_large_image","twitter_misc":{"Gesch\u00e4tzte Lesezeit":"1\u00a0Minute"},"schema":{"@context":"https:\/\/schema.org","@graph":[{"@type":"WebPage","@id":"https:\/\/envit.it\/de\/ueber-uns\/","url":"https:\/\/envit.it\/de\/ueber-uns\/","name":"\u00dcber uns - Envit","isPartOf":{"@id":"https:\/\/envit.it\/de\/#website"},"primaryImageOfPage":{"@id":"https:\/\/envit.it\/de\/ueber-uns\/#primaryimage"},"image":{"@id":"https:\/\/envit.it\/de\/ueber-uns\/#primaryimage"},"thumbnailUrl":"https:\/\/envit.it\/wp-content\/uploads\/2025\/09\/envit-qualita-e-convenienza-per-i-clienti.webp-1024x683.webp","datePublished":"2025-09-15T13:43:33+00:00","dateModified":"2025-11-04T10:59:59+00:00","description":"Wir besch\u00e4ftigen uns seit \u00fcber drei\u00dfig Jahren mit Kunststoffformen und haben Hunderte von Projekten in den unterschiedlichsten Bereichen durchgef\u00fchrt","breadcrumb":{"@id":"https:\/\/envit.it\/de\/ueber-uns\/#breadcrumb"},"inLanguage":"de","potentialAction":[{"@type":"ReadAction","target":["https:\/\/envit.it\/de\/ueber-uns\/"]}]},{"@type":"ImageObject","inLanguage":"de","@id":"https:\/\/envit.it\/de\/ueber-uns\/#primaryimage","url":"https:\/\/envit.it\/wp-content\/uploads\/2025\/09\/envit-qualita-e-convenienza-per-i-clienti.webp-1024x683.webp","contentUrl":"https:\/\/envit.it\/wp-content\/uploads\/2025\/09\/envit-qualita-e-convenienza-per-i-clienti.webp-1024x683.webp"},{"@type":"BreadcrumbList","@id":"https:\/\/envit.it\/de\/ueber-uns\/#breadcrumb","itemListElement":[{"@type":"ListItem","position":1,"name":"Home","item":"https:\/\/envit.it\/de\/home\/"},{"@type":"ListItem","position":2,"name":"\u00dcber uns"}]},{"@type":"WebSite","@id":"https:\/\/envit.it\/de\/#website","url":"https:\/\/envit.it\/de\/","name":"Envit Srl - Stampi e prodotti in plastica","description":"Stampi e prodotti in plastica su misura","publisher":{"@id":"https:\/\/envit.it\/de\/#organization"},"potentialAction":[{"@type":"SearchAction","target":{"@type":"EntryPoint","urlTemplate":"https:\/\/envit.it\/de\/?s={search_term_string}"},"query-input":{"@type":"PropertyValueSpecification","valueRequired":true,"valueName":"search_term_string"}}],"inLanguage":"de"},{"@type":"Organization","@id":"https:\/\/envit.it\/de\/#organization","name":"Envit Srl","url":"https:\/\/envit.it\/de\/","logo":{"@type":"ImageObject","inLanguage":"de","@id":"https:\/\/envit.it\/de\/#\/schema\/logo\/image\/","url":"https:\/\/envit.it\/wp-content\/uploads\/2025\/07\/envit-logo-ufficiale.webp","contentUrl":"https:\/\/envit.it\/wp-content\/uploads\/2025\/07\/envit-logo-ufficiale.webp","width":1920,"height":537,"caption":"Envit Srl"},"image":{"@id":"https:\/\/envit.it\/de\/#\/schema\/logo\/image\/"}}]}},"_links":{"self":[{"href":"https:\/\/envit.it\/de\/wp-json\/wp\/v2\/pages\/822","targetHints":{"allow":["GET"]}}],"collection":[{"href":"https:\/\/envit.it\/de\/wp-json\/wp\/v2\/pages"}],"about":[{"href":"https:\/\/envit.it\/de\/wp-json\/wp\/v2\/types\/page"}],"author":[{"embeddable":true,"href":"https:\/\/envit.it\/de\/wp-json\/wp\/v2\/users\/1"}],"replies":[{"embeddable":true,"href":"https:\/\/envit.it\/de\/wp-json\/wp\/v2\/comments?post=822"}],"version-history":[{"count":1,"href":"https:\/\/envit.it\/de\/wp-json\/wp\/v2\/pages\/822\/revisions"}],"predecessor-version":[{"id":823,"href":"https:\/\/envit.it\/de\/wp-json\/wp\/v2\/pages\/822\/revisions\/823"}],"wp:attachment":[{"href":"https:\/\/envit.it\/de\/wp-json\/wp\/v2\/media?parent=822"}],"curies":[{"name":"wp","href":"https:\/\/api.w.org\/{rel}","templated":true}]}}